{"id":2201,"date":"2025-04-16T16:01:28","date_gmt":"2025-04-16T14:01:28","guid":{"rendered":"https:\/\/arenapower.com\/?page_id=2201"},"modified":"2025-05-13T16:41:37","modified_gmt":"2025-05-13T14:41:37","slug":"data-protection-policy","status":"publish","type":"page","link":"https:\/\/arenapower.com\/es\/data-protection-policy\/","title":{"rendered":"Pol\u00edtica de Protecci\u00f3n de datos"},"content":{"rendered":"<p>El Reglamento (UE) 2016\/679 del Parlamento Europeo y del Consejo, de 27 de abril de 2016, relativo a la protecci\u00f3n de las personas f\u00edsicas en lo que respecta al tratamiento de datos personales y a la libre circulaci\u00f3n de estos datos y por el que se deroga la Directiva&nbsp;95\/46\/CE (Reglamento general de protecci\u00f3n de datos) (DOUE L 119\/1, 04-05-2016) (en adelante, RGPD), proporciona un marco modernizado y basado en la rendici\u00f3n de cuentas para la protecci\u00f3n de los datos en Europa.<\/p>\n\n\n\n<p>La Direcci\u00f3n \/ \u00d3rgano de Gobierno de <strong>ARENA GREEN POWER S.L.<\/strong> (en adelante, el responsable del tratamiento), asume la m\u00e1xima responsabilidad y compromiso con el establecimiento, implementaci\u00f3n y mantenimiento de la presente Pol\u00edtica de Protecci\u00f3n de Datos, garantizando la mejora continua del responsable del tratamiento con el objetivo de alcanzar la excelencia en relaci\u00f3n con el cumplimiento del Reglamento (UE) 2016\/679 del Parlamento Europeo y del Consejo, de 27 de abril de 2016, relativo a la protecci\u00f3n de las personas f\u00edsicas en lo que respecta al tratamiento de datos personales y a la libre circulaci\u00f3n de estos datos.<\/p>\n\n\n\n<p>La Pol\u00edtica de Protecci\u00f3n de Datos de <strong>ARENA GREEN POWER S.L. <\/strong>descansa en el principio de responsabilidad proactiva, seg\u00fan el cual el responsable del tratamiento es responsable del cumplimiento del marco normativo y jurisprudencial que gobierna dicha Pol\u00edtica, y es capaz de demostrarlo ante las autoridades de control competentes, pues es comunicada a todo el personal del responsable del tratamiento y puesta a disposici\u00f3n de todas las partes interesadas.<\/p>\n\n\n\n<figure class=\"wp-block-table\"><table class=\"has-fixed-layout\"><tbody><tr><td colspan=\"2\"><strong>&nbsp;<\/strong> <strong>INFORMACI\u00d3N B\u00c1SICA SOBRE PROTECCI\u00d3N DE DATOS<\/strong> <strong>&nbsp;<\/strong><\/td><\/tr><tr><td><strong>Responsable del tratamiento<\/strong><\/td><td>ARENA GREEN POWER&nbsp; S.L.<\/td><\/tr><tr><td><strong>Domicilio social\/fiscal del responsable<\/strong><\/td><td>C\/ Calle Serrano 8 piso 3\u00baizq 28001 Madrid<\/td><\/tr><tr><td><strong>Finalidad<\/strong><\/td><td>Sus datos ser\u00e1n usados para poder atender sus solicitudes y prestarle nuestros servicios.<\/td><\/tr><tr><td><strong>Publicidad<\/strong><\/td><td>Solo le enviaremos publicidad con su autorizaci\u00f3n previa, que podr\u00e1 facilitarnos mediante la casilla correspondiente establecida al efecto.<\/td><\/tr><tr><td><strong>Legitimaci\u00f3n<\/strong><\/td><td>\u00danicamente trataremos sus datos con su consentimiento previo, que podr\u00e1 facilitarnos mediante la casilla correspondiente establecida al efecto.<\/td><\/tr><tr><td><strong>Destinatarios<\/strong><\/td><td>Con car\u00e1cter general, s\u00f3lo el personal de nuestra entidad que est\u00e9 debidamente autorizado podr\u00e1 tener conocimiento de la informaci\u00f3n que le pedimos.<\/td><\/tr><tr><td><strong>Derechos<\/strong><\/td><td>Tiene derecho a saber qu\u00e9 informaci\u00f3n tenemos sobre usted, corregirla y eliminarla, tal y como se explica en la informaci\u00f3n adicional disponible en nuestra p\u00e1gina web.<\/td><\/tr><\/tbody><\/table><\/figure>\n\n\n\n<p>En tal sentido, el responsable del tratamiento se regir\u00e1 por los siguientes principios que deben servir a todo su personal como gu\u00eda y marco de referencia en el tratamiento de datos personales:<\/p>\n\n\n\n<p>Protecci\u00f3n de datos desde el dise\u00f1o:&nbsp;el responsable del tratamiento aplicar\u00e1, tanto en el momento de determinar los medios de tratamiento como en el momento del propio tratamiento, medidas t\u00e9cnicas y organizativas apropiadas, como la pseudonimizaci\u00f3n, concebidas para aplicar de forma efectiva los principios de protecci\u00f3n de datos, como la minimizaci\u00f3n de datos, e integrar las garant\u00edas necesarias en el tratamiento.<\/p>\n\n\n\n<p>Protecci\u00f3n de datos por defecto:&nbsp;el responsable del tratamiento aplicar\u00e1 las medidas t\u00e9cnicas y organizativas apropiadas con miras a garantizar que, por defecto, solo sean objeto de tratamiento los datos personales que sean necesarios para cada uno de los fines espec\u00edficos del tratamiento.<\/p>\n\n\n\n<p>Protecci\u00f3n de datos en el ciclo de vida de la informaci\u00f3n:&nbsp;las medidas que garanticen la protecci\u00f3n de los datos personales ser\u00e1n aplicables durante el ciclo completo de la vida de la informaci\u00f3n.<\/p>\n\n\n\n<p>Licitud, lealtad y transparencia:&nbsp;los datos personales ser\u00e1n tratados de manera l\u00edcita, leal y transparente en relaci\u00f3n con el interesado.<\/p>\n\n\n\n<p>Limitaci\u00f3n de la finalidad:&nbsp;los datos personales ser\u00e1n recogidos con fines determinados, expl\u00edcitos y leg\u00edtimos, y no ser\u00e1n tratados ulteriormente de manera incompatible con dichos fines.<\/p>\n\n\n\n<p>Minimizaci\u00f3n de datos:&nbsp;los datos personales ser\u00e1n adecuados, pertinentes y limitados a lo necesario en relaci\u00f3n con los fines para los que son tratados.<\/p>\n\n\n\n<p>Exactitud:&nbsp;los datos personales ser\u00e1n exactos y, si fuera necesario, actualizados; se adoptar\u00e1n todas las medidas razonables para que se supriman o rectifiquen sin dilaci\u00f3n los datos personales que sean inexactos con respecto a los fines para los que se tratan.<\/p>\n\n\n\n<p>Limitaci\u00f3n del plazo de conservaci\u00f3n:&nbsp;los datos personales ser\u00e1n mantenidos de forma que se permita la identificaci\u00f3n de los interesados durante no m\u00e1s tiempo del necesario para los fines del tratamiento de los datos personales.<\/p>\n\n\n\n<p>Integridad y confidencialidad:&nbsp;los datos personales ser\u00e1n tratados de tal manera que se garantice una seguridad adecuada de los datos personales, incluida la protecci\u00f3n contra el tratamiento no autorizado o il\u00edcito y contra su p\u00e9rdida, destrucci\u00f3n o da\u00f1o accidental, mediante la aplicaci\u00f3n de medidas t\u00e9cnicas u organizativas apropiadas.<\/p>\n\n\n\n<p>Informaci\u00f3n y formaci\u00f3n:&nbsp;una de las claves para garantizar la protecci\u00f3n de los datos personales es la formaci\u00f3n e informaci\u00f3n que se facilite al personal involucrado en el tratamiento de los mismos. Durante el ciclo de vida de la informaci\u00f3n, todo el personal con acceso a los datos ser\u00e1 convenientemente formado e informado acerca de sus obligaciones en relaci\u00f3n con el cumplimiento de la normativa de protecci\u00f3n de datos.<\/p>\n\n\n\n<p><strong>\u00bfQui\u00e9nes somos?<\/strong><\/p>\n\n\n\n<p>Nuestra denominaci\u00f3n: <a><strong>ARENA <\/strong><\/a><strong>GREEN POWER S.L.<\/strong><\/p>\n\n\n\n<p>CIF.: <a><strong>B- 90432618<\/strong><\/a><\/p>\n\n\n\n<p>Nuestra actividad principal: <strong>Servicios&nbsp; t\u00e9cnicos de ingenier\u00eda y otras actividades relacionadas con el asesoramiento t\u00e9cnico.<\/strong><\/p>\n\n\n\n<p>Nuestra direcci\u00f3n social : <strong>C\/ Serrano 8 piso 3\u00baizq 28001 Madrid.<\/strong><\/p>\n\n\n\n<p>Nuestro tel\u00e9fono de contacto: <a><strong>+34 <\/strong><\/a><strong>628 913 765<\/strong><\/p>\n\n\n\n<p>Nuestra direcci\u00f3n de correo electr\u00f3nico de contacto: <a href=\"mailto:protecciondedatos@arenapower.com\">protecciondedatos@arenapower.com<\/a><strong><\/strong><\/p>\n\n\n\n<p>*Arena Green Power S.L. como encargada y responsable del tratamiento de sus datos, los cuales compartir\u00e1 con las cuatro sociedades que conforman Arena, esto es, Arena Power S.L., Arena Green Assets S.L. y Arena Wind Power S.L.<\/p>\n\n\n\n<p>Esta pol\u00edtica ser\u00e1 revisada por la Direcci\u00f3n \/ \u00d3rgano de Gobierno de&nbsp;<strong>ARENA GREEN POWER S.L.<\/strong>, tantas veces como se considere necesario, para adecuarse, en todo momento, a las disposiciones vigentes en materia de protecci\u00f3n de datos de car\u00e1cter personal, no obstante, lo acordado ser\u00e1n revisiones peri\u00f3dicas bianuales, esto es, cada dos a\u00f1os (salvo casos excepcionales que requieran revisi\u00f3n y\/o actualizaci\u00f3n inmediata)<\/p>\n\n\n\n<p><strong>\u00bfPara qu\u00e9 vamos a usar sus datos?<\/strong><\/p>\n\n\n\n<p>Con car\u00e1cter general, sus datos personales ser\u00e1n usados para poder relacionarnos con usted y poder prestarle nuestros servicios, o poder formar parte de nuestros procesos selectivos.<\/p>\n\n\n\n<p><strong>\u00bfPor qu\u00e9 necesitamos usar sus datos?<\/strong><\/p>\n\n\n\n<p>Sus datos personales son necesarios para poder relacionarnos con usted y poder prestarle nuestros servicios. En este sentido, pondremos a su disposici\u00f3n una serie de casillas que le permitir\u00e1n decidir de manera clara y sencilla sobre el uso de su informaci\u00f3n personal.&nbsp;<\/p>\n\n\n\n<p><strong>\u00bfQui\u00e9n va a conocer la informaci\u00f3n que le pedimos?<\/strong><\/p>\n\n\n\n<p>Con car\u00e1cter general, s\u00f3lo el personal de nuestra entidad que est\u00e9 debidamente autorizado podr\u00e1 tener conocimiento de la informaci\u00f3n que le pedimos. De igual modo, podr\u00e1n tener conocimiento de su informaci\u00f3n personal aquellas entidades que necesiten tener acceso a la misma para que podamos prestarle nuestros servicios. As\u00ed, por ejemplo, nuestro banco conocer\u00e1 sus datos si el pago de nuestros servicios se realiza mediante tarjeta o transferencia bancaria. Asimismo, tendr\u00e1n conocimiento de su informaci\u00f3n aquellas entidades p\u00fablicas o privadas a las cuales estemos obligados a facilitar sus datos personales con motivo del cumplimiento de alguna ley. Poni\u00e9ndole un ejemplo, la Ley Tributaria obliga a facilitar a la Agencia Tributaria determinada informaci\u00f3n sobre operaciones econ\u00f3micas que superen una determinada cantidad. En el caso de que, al margen de los supuestos comentados, necesitemos dar a conocer su informaci\u00f3n personal a otras entidades, le solicitaremos previamente su permiso a trav\u00e9s de opciones claras que le permitir\u00e1n decidir a este respecto.<\/p>\n\n\n\n<p><strong>\u00bfC\u00f3mo vamos a proteger sus datos?<\/strong><\/p>\n\n\n\n<p>Protegeremos sus datos con medidas de seguridad eficaces en funci\u00f3n de los riesgos que conlleve el uso de su informaci\u00f3n. Para ello, nuestra entidad ha aprobado una Pol\u00edtica de Protecci\u00f3n de Datos y se realizan controles y auditor\u00edas anuales para verificar que sus datos personales est\u00e1n seguros en todo momento.<\/p>\n\n\n\n<p><strong>\u00bfEnviaremos sus datos a otros pa\u00edses?<\/strong><\/p>\n\n\n\n<p>Nuestra pol\u00edtica es no enviar su informaci\u00f3n personal a ning\u00fan pa\u00eds que no sea seguro desde el punto de vista de la protecci\u00f3n de sus datos. En el caso de que, con motivo de prestarle el servicio, sea imprescindible enviar sus datos a un pa\u00eds que no sea tan seguro como Espa\u00f1a, siempre le solicitaremos previamente su permiso y aplicaremos medidas de seguridad eficaces y transparentes, que reduzcan los riesgos del env\u00edo de su informaci\u00f3n personal a otro pa\u00eds.<\/p>\n\n\n\n<p><strong>\u00bfDurante cu\u00e1nto tiempo vamos a conservar sus datos?<\/strong><\/p>\n\n\n\n<p>Conservaremos sus datos durante nuestra relaci\u00f3n y mientras nos obliguen la normativa vigente. Una vez finalizados los plazos legales aplicables, procederemos a eliminarlos de forma segura y respetuosa con el medio ambiente. En relaci\u00f3n a los procesos selectivos, se mantendr\u00e1n sus datos para futuros procesos una vez finalizado el proceso selectivo en curso, siempre que la persona interesada no haga uso de su derecho de supresi\u00f3n\/olvido expl\u00edcitamente y proceda con la eliminaci\u00f3n del perfil o lo solicite al delegado de protecci\u00f3n de datos mediante el procedimiento expuesto, esto es, enviando mail a <a href=\"mailto:protecciondedatos@arenapower.com\">protecciondedatos@arenapower.com<\/a><\/p>\n\n\n\n<p><strong>\u00bfCu\u00e1les son sus derechos de protecci\u00f3n de datos?<\/strong><\/p>\n\n\n\n<p>En cualquier momento puede dirigirse a nosotros para saber qu\u00e9 informaci\u00f3n tenemos sobre usted, rectificarla si fuese incorrecta y eliminarla una vez finalizada nuestra relaci\u00f3n, en el caso de que ello sea legalmente posible. Tambi\u00e9n tiene derecho a solicitar el traspaso de su informaci\u00f3n a otra entidad. Este derecho se llama \u201cportabilidad\u201d y puede ser \u00fatil en determinadas situaciones.<\/p>\n\n\n\n<p><strong>Para solicitar alguno de estos derechos, deber\u00e1 realizar una solicitud escrita a nuestra direcci\u00f3n, junto con una fotocopia de su DNI, para poder identificarle en todo caso.<\/strong><\/p>\n\n\n\n<p>En las oficinas de nuestra entidad disponemos de formularios espec\u00edficos para solicitar dichos derechos y le ofrecemos nuestra ayuda para su cumplimentaci\u00f3n.<\/p>\n\n\n\n<p>Para saber m\u00e1s sobre sus derechos de protecci\u00f3n de datos, puede consultar la p\u00e1gina web de la Agencia Espa\u00f1ola de Protecci\u00f3n de Datos (<a href=\"http:\/\/www.agpd.es\/\">www.agpd.es<\/a>)<\/p>\n\n\n\n<p><strong>\u00bfPuede retirar su consentimiento si cambia de opini\u00f3n en un momento posterior?<\/strong><\/p>\n\n\n\n<p>Usted puede retirar su consentimiento si cambia de opini\u00f3n sobre el uso de sus datos en cualquier momento. Por ejemplo, si usted en su d\u00eda estuvo interesado\/a en recibir publicidad de nuestros productos o servicios, pero ya no desea recibir m\u00e1s publicidad, puede hac\u00e9rnoslo constar a trav\u00e9s del formulario de oposici\u00f3n al tratamiento disponible en las oficinas de nuestra entidad.<\/p>\n\n\n\n<p><strong>En caso de que entienda que sus derechos han sido desatendidos, \u00bfD\u00f3nde puede formular una reclamaci\u00f3n?<\/strong><\/p>\n\n\n\n<p>En caso de que entienda que sus derechos han sido desatendidos por nuestra entidad, puede formular una reclamaci\u00f3n en la Agencia Espa\u00f1ola de Protecci\u00f3n de Datos, a trav\u00e9s de alguno de los medios siguientes:<\/p>\n\n\n\n<p>Sede electr\u00f3nica: www.agpd.es<\/p>\n\n\n\n<p>Direcci\u00f3n postal: Agencia Espa\u00f1ola de Protecci\u00f3n de Datos<br>C\/ Jorge Juan 6, 28001-Madrid<\/p>\n\n\n\n<p>V\u00eda telef\u00f3nica: Telf. 901 100 099-&nbsp;Telf. 91 266 35 17<\/p>\n\n\n\n<p><em>Formular una reclamaci\u00f3n en la Agencia Espa\u00f1ola de Protecci\u00f3n de Datos no conlleva ning\u00fan coste y no es necesaria la asistencia de abogado ni procurador.<\/em><\/p>\n\n\n\n<p><strong>\u00bfElaboraremos perfiles sobre usted?<\/strong><\/p>\n\n\n\n<p>Nuestra pol\u00edtica es no elaborar perfiles sobre los usuarios de nuestros servicios. No obstante, puede haber situaciones en las que, con fines de prestaci\u00f3n del servicio, comerciales o de otro tipo, necesitemos elaborar perfiles de informaci\u00f3n sobre usted. Un ejemplo pudiera ser la utilizaci\u00f3n de su historial de compras o servicios para poder ofrecerle productos o servicios adaptados a sus gustos o necesidades. En tal caso, aplicaremos medidas de seguridad eficaces que protejan su informaci\u00f3n en todo momento de personas no autorizadas que pretendan utilizarla en su propio beneficio.<\/p>\n\n\n\n<p><strong>\u00bfUsaremos sus datos para otros fines?<\/strong><\/p>\n\n\n\n<p>Nuestra pol\u00edtica es no usar sus datos para otras finalidades distintas a las que le hemos explicado. So bien es cierto que, Arena Green Power S.L. le informa expl\u00edcitamente de forma estructurada, leal, comprensible y transparente de que sus datos ser\u00e1n tratados por las 4 organizaciones que conforman el grupo denominado \u201cArena\u201d, y no \u00fanicamente la sociedad Arena Green Power S.L.<\/p>\n\n\n\n<figure class=\"wp-block-table\"><table class=\"has-fixed-layout\"><tbody><tr><td><strong>Raz\u00f3n Social<\/strong><\/td><td><strong>CIF<\/strong><\/td><td><strong>Domicilio Social<\/strong><\/td><\/tr><tr><td>Arena Green Power S.L.<\/td><td>B90432618<\/td><td>C\/serrano 8 3\u00baizq 28001, Madrid.<\/td><\/tr><tr><td>Arena Green Assets S.L.<\/td><td>B09687765<\/td><td>C\/serrano 8 3\u00baizq 28001, Madrid.<\/td><\/tr><tr><td>Arena Wind Power S.L.<\/td><td>B19358852<\/td><td>C\/Albert Einstein s\/n, Edificio Insur Cartuja 41092, Sevilla.<\/td><\/tr><tr><td>Arena Power S.L.<\/td><td>B90401837<\/td><td>C\/serrano 8 3\u00baizq 28001, Madrid.<\/td><\/tr><\/tbody><\/table><\/figure>\n\n\n\n<p>Adicionalmente, si necesit\u00e1semos usar sus datos para actividades distintas, siempre le solicitaremos previamente su permiso a trav\u00e9s de opciones claras que le permitir\u00e1n decidir al respecto.<\/p>\n\n\n\n<p><a href=\"https:\/\/arenapower.trusty.report\/\">Canal de Denuncia<\/a><\/p>\n\n\n\n<p><\/p>","protected":false},"excerpt":{"rendered":"<p>El Reglamento (UE) 2016\/679 del Parlamento Europeo y del Consejo, de 27 de abril de 2016, relativo a la protecci\u00f3n de las personas f\u00edsicas en lo que respecta al tratamiento de datos personales y a la libre circulaci\u00f3n de estos datos y por el que se deroga la Directiva&nbsp;95\/46\/CE (Reglamento general de protecci\u00f3n de datos) [&hellip;]<\/p>","protected":false},"author":1,"featured_media":0,"parent":0,"menu_order":0,"comment_status":"closed","ping_status":"closed","template":"","meta":{"footnotes":""},"class_list":["post-2201","page","type-page","status-publish","hentry"],"_links":{"self":[{"href":"https:\/\/arenapower.com\/es\/wp-json\/wp\/v2\/pages\/2201","targetHints":{"allow":["GET"]}}],"collection":[{"href":"https:\/\/arenapower.com\/es\/wp-json\/wp\/v2\/pages"}],"about":[{"href":"https:\/\/arenapower.com\/es\/wp-json\/wp\/v2\/types\/page"}],"author":[{"embeddable":true,"href":"https:\/\/arenapower.com\/es\/wp-json\/wp\/v2\/users\/1"}],"replies":[{"embeddable":true,"href":"https:\/\/arenapower.com\/es\/wp-json\/wp\/v2\/comments?post=2201"}],"version-history":[{"count":2,"href":"https:\/\/arenapower.com\/es\/wp-json\/wp\/v2\/pages\/2201\/revisions"}],"predecessor-version":[{"id":2622,"href":"https:\/\/arenapower.com\/es\/wp-json\/wp\/v2\/pages\/2201\/revisions\/2622"}],"wp:attachment":[{"href":"https:\/\/arenapower.com\/es\/wp-json\/wp\/v2\/media?parent=2201"}],"curies":[{"name":"wp","href":"https:\/\/api.w.org\/{rel}","templated":true}]}}